{"id":32,"date":"2018-01-28T00:32:12","date_gmt":"2018-01-27T23:32:12","guid":{"rendered":"https:\/\/www.issc-online.de\/?page_id=32"},"modified":"2026-03-07T12:49:40","modified_gmt":"2026-03-07T11:49:40","slug":"hestia-front","status":"publish","type":"page","link":"https:\/\/www.issc-online.de\/","title":{"rendered":"30th ISSC 07th &#038; 08th of March 2026 powered by arena"},"content":{"rendered":"<h4><strong><style id=\"sp_lcp_dynamic_css1096\">div#logo-carousel-free-1096.logo-carousel-free .sp-lc-logo{border: 1px solid #dddddd;border-radius: 0px;overflow: hidden;}div#logo-carousel-free-1096.logo-carousel-free .sp-lc-logo:hover{border-color: #16a08b;}#logo-carousel-free-1096.sp-lc-container .sp-lc-pagination .swiper-pagination-bullet {background-color: #dddddd;margin: 0 4px;}#logo-carousel-free-1096.sp-lc-container .sp-lc-pagination .swiper-pagination-bullet.swiper-pagination-bullet-active{background-color: #1a2cce; }#logo-carousel-free-1096.sp-lc-container .sp-logo-carousel {padding-top: 46px;}#logo-carousel-free-1096.sp-lc-container .sp-lc-button-prev,#logo-carousel-free-1096.sp-lc-container .sp-lc-button-next {color: #aaaaaa;background: transparent;border: 1px solid #aaaaaa;line-height: 28px;}#logo-carousel-free-1096.sp-lc-container .sp-lc-button-prev:hover,#logo-carousel-free-1096.sp-lc-container .sp-lc-button-next:hover{background-color: #16a08b;color: #ffffff;border-color: #16a08b;}@media only screen and (max-width: 576px) {} .logo-carousel-free-area#logo-carousel-free-1096{position: relative;}#lcp-preloader-1096{position: absolute;left: 0;top: 0;height: 100%;width: 100%;text-align: center;display: flex;align-items: center;justify-content: center;background: #fff;z-index: 9999;} .logo-carousel-free-area#logo-carousel-free-1096 .sp-logo-carousel-section-title{margin-bottom: 30px;}@media screen and (min-width: 1200px ){.logo-carousel-free-area#logo-carousel-free-1096 .sp-logo-carousel:not([class*=\"-initialized\"]) > .swiper-wrapper {display: flex;width: calc( 100% + 12px );}.logo-carousel-free-area#logo-carousel-free-1096 .sp-logo-carousel:not([class*=\"-initialized\"]) > .swiper-wrapper > .swiper-slide {width: 25%;padding-right: 12px;}}<\/style><div id='logo-carousel-free-1096' class=\"logo-carousel-free logo-carousel-free-area sp-lc-container\"><div id=\"lcp-preloader-1096\" class=\"sp-logo-carousel-preloader\"><img decoding=\"async\" src=\"https:\/\/www.issc-online.de\/wp-content\/plugins\/logo-carousel-free\/admin\/assets\/images\/spinner.svg\" alt=\"loader-image\"\/><\/div><div id=\"sp-logo-carousel-id-1096\" class=\"swiper-container sp-logo-carousel lcp-preloader\" dir=\"ltr\"  data-carousel='{ \"speed\":501,\"spaceBetween\": 12, \"autoplay\": true, \"infinite\":true, \"autoplay_speed\": 2700, \"stop_onHover\": true, \"pagination\": true, \"navigation\": true, \"MobileNav\": true, \"MobilePagi\": true, \"simulateTouch\": true,\"freeMode\": false,\"swipeToSlide\": false, \"carousel_accessibility\": true,\"adaptiveHeight\": false,\"allowTouchMove\": true, \"slidesPerView\": { \"lg_desktop\": 4, \"desktop\": 4, \"tablet\": 3, \"mobile\": 1, \"mobile_landscape\": 2 } }' data-carousel-starts-onscreen=\"false\"><div class=\"swiper-wrapper\"><div class=\"swiper-slide\"><div class=\"sp-lc-logo\"><img loading=\"lazy\" decoding=\"async\" src=\"https:\/\/www.issc-online.de\/wp-content\/uploads\/2026\/01\/Arena_Marchio_LockUp_Vert_POS.png\" title=\"\" alt=\"arena\" width=\"1584\" height=\"1117\" class=\"sp-lc-image skip-lazy\"><\/div><\/div><div class=\"swiper-slide\"><div class=\"sp-lc-logo\"><img loading=\"lazy\" decoding=\"async\" src=\"https:\/\/www.issc-online.de\/wp-content\/uploads\/2022\/02\/HW-Logo-mit-Punkthaken-ohne-Adresse-3.jpg\" title=\"\" alt=\"ISSC 2024 Hecker\" width=\"1169\" height=\"826\" class=\"sp-lc-image skip-lazy\"><\/div><\/div><div class=\"swiper-slide\"><div class=\"sp-lc-logo\"><img loading=\"lazy\" decoding=\"async\" src=\"https:\/\/www.issc-online.de\/wp-content\/uploads\/2024\/01\/Logo-Saubaer_print-2022-09-07.jpg\" title=\"\" alt=\"ISSC 2024 TS Sauber geb\u00e4udereinigung\" width=\"1223\" height=\"545\" class=\"sp-lc-image skip-lazy\"><\/div><\/div><div class=\"swiper-slide\"><div class=\"sp-lc-logo\"><img loading=\"lazy\" decoding=\"async\" src=\"https:\/\/www.issc-online.de\/wp-content\/uploads\/2026\/02\/ultrasports-schriftzug-gestuft.png\" title=\"\" alt=\"ultraSPORTS\" width=\"1181\" height=\"478\" class=\"sp-lc-image skip-lazy\"><\/div><\/div><div class=\"swiper-slide\"><div class=\"sp-lc-logo\"><img loading=\"lazy\" decoding=\"async\" src=\"https:\/\/www.issc-online.de\/wp-content\/uploads\/2024\/01\/cropped-RS_3C-1.jpg\" title=\"\" alt=\"RitterSport\" width=\"531\" height=\"354\" class=\"sp-lc-image skip-lazy\"><\/div><\/div><div class=\"swiper-slide\"><div class=\"sp-lc-logo\"><img loading=\"lazy\" decoding=\"async\" src=\"https:\/\/www.issc-online.de\/wp-content\/uploads\/2023\/02\/2018.08.23-Einzel-Logo-TTS-Event-GmbH-e1677009118888.png\" title=\"\" alt=\"ISSC 2024 TTS Event\" width=\"800\" height=\"623\" class=\"sp-lc-image skip-lazy\"><\/div><\/div><div class=\"swiper-slide\"><div class=\"sp-lc-logo\"><img loading=\"lazy\" decoding=\"async\" src=\"https:\/\/www.issc-online.de\/wp-content\/uploads\/2023\/02\/Marriott_CMYK.jpg\" title=\"\" alt=\"ISSC 2024 Marriott\" width=\"828\" height=\"556\" class=\"sp-lc-image skip-lazy\"><\/div><\/div><div class=\"swiper-slide\"><div class=\"sp-lc-logo\"><img loading=\"lazy\" decoding=\"async\" src=\"https:\/\/www.issc-online.de\/wp-content\/uploads\/2023\/02\/KRAFFTDruck_neues-Logo.jpg\" title=\"\" alt=\"Krafft\" width=\"965\" height=\"487\" class=\"sp-lc-image skip-lazy\"><\/div><\/div><div class=\"swiper-slide\"><div class=\"sp-lc-logo\"><img loading=\"lazy\" decoding=\"async\" src=\"https:\/\/www.issc-online.de\/wp-content\/uploads\/2026\/02\/Logo-scaled.png\" title=\"\" alt=\"Autohaus Zimmermann\" width=\"2560\" height=\"1450\" class=\"sp-lc-image skip-lazy\"><\/div><\/div><div class=\"swiper-slide\"><div class=\"sp-lc-logo\"><img loading=\"lazy\" decoding=\"async\" src=\"https:\/\/www.issc-online.de\/wp-content\/uploads\/2023\/02\/Metallbau-Dahler.jpg\" title=\"\" alt=\"Metallbau Dahler\" width=\"1908\" height=\"812\" class=\"sp-lc-image skip-lazy\"><\/div><\/div><\/div><div class=\"sp-lc-pagination swiper-pagination dots\"><\/div><div class=\"sp-lc-button-next\"><i class=\"fa fa-angle-right\"><\/i><\/div><div class=\"sp-lc-button-prev\"><i class=\"fa fa-angle-left\"><\/i><\/div><\/div><\/div><\/strong><\/h4>\n<h4 style=\"text-align: center;\"><strong>30. <\/strong>Auflage der <strong>International Sindelfingen Swimming Championships (ISS<\/strong><strong>C) <\/strong><\/h4>\n<h4 style=\"text-align: center;\"><strong>powered by<\/strong><\/h4>\n<h4 style=\"text-align: center;\"><strong><img loading=\"lazy\" decoding=\"async\" src=\"https:\/\/www.issc-online.de\/wp-content\/uploads\/2026\/01\/Arena_Marchio_LockUp_Vert_POS-300x212.png\" alt=\"\" width=\"212\" height=\"150\" class=\"alignnone wp-image-1274\" srcset=\"https:\/\/www.issc-online.de\/wp-content\/uploads\/2026\/01\/Arena_Marchio_LockUp_Vert_POS-300x212.png 300w, https:\/\/www.issc-online.de\/wp-content\/uploads\/2026\/01\/Arena_Marchio_LockUp_Vert_POS-1024x722.png 1024w, https:\/\/www.issc-online.de\/wp-content\/uploads\/2026\/01\/Arena_Marchio_LockUp_Vert_POS-768x542.png 768w, https:\/\/www.issc-online.de\/wp-content\/uploads\/2026\/01\/Arena_Marchio_LockUp_Vert_POS-1536x1083.png 1536w, https:\/\/www.issc-online.de\/wp-content\/uploads\/2026\/01\/Arena_Marchio_LockUp_Vert_POS.png 1584w\" sizes=\"auto, (max-width: 212px) 100vw, 212px\" \/><\/strong><\/h4>\n<h4 style=\"text-align: center;\"><strong>07. &#8211; 08. M\u00e4<\/strong><strong>rz 2026<\/strong><\/h4>\n<h4 style=\"text-align: center;\"><strong>ISSC 2026<\/strong><\/h4>\n<p><a href=\"https:\/\/www.issc-online.de\/wp-content\/uploads\/2026\/01\/Ausschreibung_ISSC2026_de-2.pdf\">Hier<\/a> geht&#8217;s zur Ausschreibung \/ <a href=\"https:\/\/www.issc-online.de\/wp-content\/uploads\/2023\/01\/20231124__issc__2023__Program_Regulations_en_Final.pdf\"><\/a><a href=\"https:\/\/drive.google.com\/drive\/folders\/1PMBX9C_Lv3IFX3ql5qOF6H35avXooJ6x?usp=drive_link\">DSV Meldedatei<\/a><\/p>\n<p><strong><a href=\"https:\/\/www.issc-online.de\/index.php\/meldeergebnis-protokoll\/\">Hier<\/a> finden Sie das Meldeergebnis und Protokoll der 30. ISSC 2026.<\/strong><\/p>\n<p>Ihr ben\u00f6tigt eine <strong>\u00dcbernachtungsm\u00f6glichkeit<\/strong> im Rahmen der ISSC 2026? Meldet Euch bitte daf\u00fcr direkt beim <a href=\"mailto:meldung@schwimmen.vfl-sindelfingen.de\">Veranstalter<\/a>.<\/p>\n<h4><strong>Informationen f\u00fcr Besucher \/ Zuschauer:<\/strong><\/h4>\n<p>Hier finden Sie den Livestream zu den 30. ISSC 2026:<\/p>\n<p>Samstag, 07. M\u00e4rz 2026: <a href=\"https:\/\/www.youtube.com\/watch?v=0RC9lcY9wTs\">YouTube<\/a><\/p>\n<p>Sonntag, 08, M\u00e4rz 2026: <a href=\"https:\/\/www.youtube.com\/watch?v=RrjG3p1lW0c\">YouTube<\/a><\/p>\n<h6><strong>Finalabschnitte<\/strong><\/h6>\n<p>Kommen Sie im Badezentrum vorbei und erleben Sie Schwimmsport in Sindelfingen. Der Eintritt ist frei. F\u00fcr ein Verpflegungsangebot mit warmen Speisen, Kaffee und Kuchen zu sozialvetr\u00e4glichen Preisen ist gesorgt.<\/p>\n<h6>Samstag, 07. M\u00e4rz:<\/h6>\n<ul>\n<li>Finalabschnitt der Jahrg\u00e4nge 2013 -2018: Ab 13:00 Uhr<\/li>\n<li>Finalabschnitt der Jahrg\u00e4nge 2012 und \u00e4lter: Ab 18:00 Uhr<\/li>\n<\/ul>\n<h6>Sonntag, 08. M\u00e4rz:<\/h6>\n<ul>\n<li>Finalabschnitt der Jahrg\u00e4nge 2013 -2018: Ab 12:30 Uhr<\/li>\n<li>Finalabschnitt der Jahrg\u00e4nge 2012 und \u00e4lter: Ab ca. 16:45 Uhr<\/li>\n<\/ul>\n<h4 style=\"text-align: center;\"><strong>30. <\/strong>Edition of the<strong> International Sindelfingen Swimming Championships (ISSC)\u00a0<\/strong><\/h4>\n<h4 style=\"text-align: center;\"><strong>powered by<\/strong><\/h4>\n<h4><strong><img loading=\"lazy\" decoding=\"async\" src=\"https:\/\/www.issc-online.de\/wp-content\/uploads\/2026\/01\/Arena_Marchio_LockUp_Vert_POS-300x212.png\" alt=\"\" width=\"212\" height=\"150\" class=\"alignnone wp-image-1274 aligncenter\" srcset=\"https:\/\/www.issc-online.de\/wp-content\/uploads\/2026\/01\/Arena_Marchio_LockUp_Vert_POS-300x212.png 300w, https:\/\/www.issc-online.de\/wp-content\/uploads\/2026\/01\/Arena_Marchio_LockUp_Vert_POS-1024x722.png 1024w, https:\/\/www.issc-online.de\/wp-content\/uploads\/2026\/01\/Arena_Marchio_LockUp_Vert_POS-768x542.png 768w, https:\/\/www.issc-online.de\/wp-content\/uploads\/2026\/01\/Arena_Marchio_LockUp_Vert_POS-1536x1083.png 1536w, https:\/\/www.issc-online.de\/wp-content\/uploads\/2026\/01\/Arena_Marchio_LockUp_Vert_POS.png 1584w\" sizes=\"auto, (max-width: 212px) 100vw, 212px\" \/><\/strong><\/h4>\n<h4 style=\"text-align: center;\"><strong>from the 07th to 08th of March 2026<\/strong><\/h4>\n<h4 style=\"text-align: center;\"><strong>ISSC 2026<\/strong><\/h4>\n<p>Here you can find the <a href=\"https:\/\/www.issc-online.de\/wp-content\/uploads\/2026\/01\/Program_Regulations_ISSC2026_en-1.pdf\">Program\/Regulations <\/a><\/p>\n<p><a href=\"https:\/\/drive.google.com\/drive\/folders\/1PMBX9C_Lv3IFX3ql5qOF6H35avXooJ6x?usp=drive_link\">Definition file in DSV7<\/a>\u00a0 \/ <a href=\"https:\/\/drive.google.com\/drive\/folders\/1PMBX9C_Lv3IFX3ql5qOF6H35avXooJ6x?usp=drive_link\">Definition file in Lenex<\/a><\/p>\n<p>If you need an accomdation during the ISSC 2026, please contact the <a href=\"mailto:meldung@schwimmen.vfl-sindelfingen.de\">organizer<\/a> for more information.<\/p>\n<h4 data-start=\"0\" data-end=\"41\"><strong data-start=\"0\" data-end=\"41\">Information for Visitors \/ Spectators<\/strong><\/h4>\n<p data-start=\"43\" data-end=\"187\">We are currently working on providing a live stream for the <strong data-start=\"103\" data-end=\"121\">30th ISSC 2026<\/strong>. Further details will be announced as soon as they are available.<\/p>\n<h6 data-start=\"194\" data-end=\"214\">Final Sessions<\/h6>\n<p data-start=\"215\" data-end=\"408\">Information on the <strong data-start=\"234\" data-end=\"255\">exact final times<\/strong> for each final session will be published here <strong data-start=\"302\" data-end=\"326\">from March 1 onwards<\/strong>. In the meantime, you may already use the following times as a general guideline:<\/p>\n<h6 data-start=\"410\" data-end=\"436\"><strong data-start=\"415\" data-end=\"436\">Saturday, March 7<\/strong><\/h6>\n<ul data-start=\"438\" data-end=\"591\">\n<li data-start=\"438\" data-end=\"513\">\n<p data-start=\"440\" data-end=\"513\">Final session for age groups <strong data-start=\"469\" data-end=\"482\">2013\u20132018<\/strong>: from approx. <strong data-start=\"497\" data-end=\"511\">12:00 p.m.<\/strong><\/p>\n<\/li>\n<li data-start=\"514\" data-end=\"591\">\n<p data-start=\"516\" data-end=\"591\">Final session for age groups <strong data-start=\"545\" data-end=\"563\">2012 and older<\/strong>: from approx. <strong data-start=\"578\" data-end=\"591\">7:00 p.m.<\/strong><\/p>\n<\/li>\n<\/ul>\n<h6 data-start=\"593\" data-end=\"617\"><strong data-start=\"598\" data-end=\"617\">Sunday, March 8<\/strong><\/h6>\n<ul data-start=\"619\" data-end=\"772\">\n<li data-start=\"619\" data-end=\"694\">\n<p data-start=\"621\" data-end=\"694\">Final session for age groups <strong data-start=\"650\" data-end=\"663\">2013\u20132018<\/strong>: from approx. <strong data-start=\"678\" data-end=\"692\">11:30 a.m.<\/strong><\/p>\n<\/li>\n<li data-start=\"695\" data-end=\"772\">\n<p data-start=\"697\" data-end=\"772\">Final session for age groups <strong data-start=\"726\" data-end=\"744\">2012 and older<\/strong>: from approx. <strong data-start=\"759\" data-end=\"772\">5:30 p.m.<\/strong><\/p>\n<\/li>\n<\/ul>\n<p class=\"ydpfc38cb7byiv3418250841msonormal\"><span style=\"color: #000000;\"><span style=\"font-size: 12pt; font-family: 'Arial', sans-serif;\"><\/span><br \/>\n<\/span><span style=\"font-size: 10.0pt; font-family: 'Helvetica',sans-serif; color: #26282a;\"><\/span><\/p>\n<h1 style=\"text-align: center;\"><strong>Official Partners of the ISSC 2026<\/strong><\/h1>\n<div id=\"metaslider-id-703\" style=\"width: 100%; margin: 0 auto;\" class=\"ml-slider-3-60-1 metaslider metaslider-nivo metaslider-703 ml-slider ms-theme-default\" role=\"region\" aria-roledescription=\"Slideshow\" aria-label=\"Partner der ISSC 2026\">\n    <div id=\"metaslider_container_703\">\n        <div class='slider-wrapper theme-default'><div class='ribbon'><\/div><div id='metaslider_703' class='nivoSlider'><a href=\"https:\/\/www.arenasport.com\/de_de\/\" target=\"_self\"><img loading=\"lazy\" decoding=\"async\" width=\"1584\" height=\"1117\" src=\"https:\/\/www.issc-online.de\/wp-content\/uploads\/2026\/01\/Arena_Marchio_LockUp_Vert_POS.png\" class=\"slider-703 slide-1275\" alt=\"\" data-caption=\"\" data-thumb=\"\" title=\"Arena_Marchio_LockUp_Vert_POS\" rel=\"\" srcset=\"https:\/\/www.issc-online.de\/wp-content\/uploads\/2026\/01\/Arena_Marchio_LockUp_Vert_POS.png 1584w, https:\/\/www.issc-online.de\/wp-content\/uploads\/2026\/01\/Arena_Marchio_LockUp_Vert_POS-300x212.png 300w, https:\/\/www.issc-online.de\/wp-content\/uploads\/2026\/01\/Arena_Marchio_LockUp_Vert_POS-1024x722.png 1024w, https:\/\/www.issc-online.de\/wp-content\/uploads\/2026\/01\/Arena_Marchio_LockUp_Vert_POS-768x542.png 768w, https:\/\/www.issc-online.de\/wp-content\/uploads\/2026\/01\/Arena_Marchio_LockUp_Vert_POS-1536x1083.png 1536w\" sizes=\"auto, (max-width: 1584px) 100vw, 1584px\" \/><\/a><a href=\"https:\/\/www.tts-event.de\/\" target=\"_blank\"><img loading=\"lazy\" decoding=\"async\" width=\"800\" height=\"623\" src=\"https:\/\/www.issc-online.de\/wp-content\/uploads\/2023\/02\/2018.08.23-Einzel-Logo-TTS-Event-GmbH-e1677009118888.png\" class=\"slider-703 slide-943\" alt=\"\" data-caption=\"\" data-thumb=\"\" title=\"2018.08.23 Einzel Logo TTS Event GmbH\" rel=\"\" srcset=\"https:\/\/www.issc-online.de\/wp-content\/uploads\/2023\/02\/2018.08.23-Einzel-Logo-TTS-Event-GmbH-e1677009118888.png 800w, https:\/\/www.issc-online.de\/wp-content\/uploads\/2023\/02\/2018.08.23-Einzel-Logo-TTS-Event-GmbH-e1677009118888-300x234.png 300w, https:\/\/www.issc-online.de\/wp-content\/uploads\/2023\/02\/2018.08.23-Einzel-Logo-TTS-Event-GmbH-e1677009118888-768x598.png 768w\" sizes=\"auto, (max-width: 800px) 100vw, 800px\" \/><\/a><a href=\"https:\/\/www.heckerwerke.de\/de\/\" target=\"_blank\"><img loading=\"lazy\" decoding=\"async\" width=\"1169\" height=\"826\" src=\"https:\/\/www.issc-online.de\/wp-content\/uploads\/2022\/02\/HW-Logo-mit-Punkthaken-ohne-Adresse-3.jpg\" class=\"slider-703 slide-710\" alt=\"\" data-caption=\"\" data-thumb=\"\" title=\"HW-Logo-mit-Punkthaken-ohne-Adresse-3\" rel=\"\" srcset=\"https:\/\/www.issc-online.de\/wp-content\/uploads\/2022\/02\/HW-Logo-mit-Punkthaken-ohne-Adresse-3.jpg 1169w, https:\/\/www.issc-online.de\/wp-content\/uploads\/2022\/02\/HW-Logo-mit-Punkthaken-ohne-Adresse-3-300x212.jpg 300w, https:\/\/www.issc-online.de\/wp-content\/uploads\/2022\/02\/HW-Logo-mit-Punkthaken-ohne-Adresse-3-1024x724.jpg 1024w, https:\/\/www.issc-online.de\/wp-content\/uploads\/2022\/02\/HW-Logo-mit-Punkthaken-ohne-Adresse-3-768x543.jpg 768w\" sizes=\"auto, (max-width: 1169px) 100vw, 1169px\" \/><\/a><a href=\"https:\/\/www.ts-sauber.eu\/\" target=\"_blank\"><img loading=\"lazy\" decoding=\"async\" width=\"1223\" height=\"545\" src=\"https:\/\/www.issc-online.de\/wp-content\/uploads\/2024\/01\/Logo-Saubaer_print-2022-09-07.jpg\" class=\"slider-703 slide-1027\" alt=\"\" data-caption=\"\" data-thumb=\"\" title=\"Logo-Saub\u00e4r_print-2022-09-07\" rel=\"\" srcset=\"https:\/\/www.issc-online.de\/wp-content\/uploads\/2024\/01\/Logo-Saubaer_print-2022-09-07.jpg 1223w, https:\/\/www.issc-online.de\/wp-content\/uploads\/2024\/01\/Logo-Saubaer_print-2022-09-07-300x134.jpg 300w, https:\/\/www.issc-online.de\/wp-content\/uploads\/2024\/01\/Logo-Saubaer_print-2022-09-07-1024x456.jpg 1024w, https:\/\/www.issc-online.de\/wp-content\/uploads\/2024\/01\/Logo-Saubaer_print-2022-09-07-768x342.jpg 768w\" sizes=\"auto, (max-width: 1223px) 100vw, 1223px\" \/><\/a><a href=\"https:\/\/ultrasports.com\/\" target=\"_self\"><img loading=\"lazy\" decoding=\"async\" width=\"1181\" height=\"478\" src=\"https:\/\/www.issc-online.de\/wp-content\/uploads\/2026\/02\/ultrasports-schriftzug-gestuft.png\" class=\"slider-703 slide-1293\" alt=\"\" data-caption=\"\" data-thumb=\"\" title=\"ultrasports-schriftzug-gestuft\" rel=\"\" srcset=\"https:\/\/www.issc-online.de\/wp-content\/uploads\/2026\/02\/ultrasports-schriftzug-gestuft.png 1181w, https:\/\/www.issc-online.de\/wp-content\/uploads\/2026\/02\/ultrasports-schriftzug-gestuft-300x121.png 300w, https:\/\/www.issc-online.de\/wp-content\/uploads\/2026\/02\/ultrasports-schriftzug-gestuft-1024x414.png 1024w, https:\/\/www.issc-online.de\/wp-content\/uploads\/2026\/02\/ultrasports-schriftzug-gestuft-768x311.png 768w\" sizes=\"auto, (max-width: 1181px) 100vw, 1181px\" \/><\/a><a href=\"https:\/\/www.ritter-sport.com\/de\" target=\"_blank\"><img loading=\"lazy\" decoding=\"async\" width=\"531\" height=\"531\" src=\"https:\/\/www.issc-online.de\/wp-content\/uploads\/2024\/01\/RS_3C-1.jpg\" class=\"slider-703 slide-1214\" alt=\"\" data-caption=\"\" data-thumb=\"\" title=\"RS_3C-1\" rel=\"\" srcset=\"https:\/\/www.issc-online.de\/wp-content\/uploads\/2024\/01\/RS_3C-1.jpg 531w, https:\/\/www.issc-online.de\/wp-content\/uploads\/2024\/01\/RS_3C-1-300x300.jpg 300w, https:\/\/www.issc-online.de\/wp-content\/uploads\/2024\/01\/RS_3C-1-150x150.jpg 150w\" sizes=\"auto, (max-width: 531px) 100vw, 531px\" \/><\/a><a href=\"https:\/\/www.autohaus-zimmermann.org\/\" target=\"_self\"><img loading=\"lazy\" decoding=\"async\" width=\"2560\" height=\"571\" src=\"https:\/\/www.issc-online.de\/wp-content\/uploads\/2026\/02\/Logo_Zimmermann-scaled.png\" class=\"slider-703 slide-1301\" alt=\"\" data-caption=\"\" data-thumb=\"\" title=\"Logo_Zimmermann\" rel=\"\" srcset=\"https:\/\/www.issc-online.de\/wp-content\/uploads\/2026\/02\/Logo_Zimmermann-scaled.png 2560w, https:\/\/www.issc-online.de\/wp-content\/uploads\/2026\/02\/Logo_Zimmermann-300x67.png 300w, https:\/\/www.issc-online.de\/wp-content\/uploads\/2026\/02\/Logo_Zimmermann-1024x229.png 1024w, https:\/\/www.issc-online.de\/wp-content\/uploads\/2026\/02\/Logo_Zimmermann-768x171.png 768w, https:\/\/www.issc-online.de\/wp-content\/uploads\/2026\/02\/Logo_Zimmermann-1536x343.png 1536w, https:\/\/www.issc-online.de\/wp-content\/uploads\/2026\/02\/Logo_Zimmermann-2048x457.png 2048w\" sizes=\"auto, (max-width: 2560px) 100vw, 2560px\" \/><\/a><a href=\"https:\/\/www.marriott.com\/en-us\/hotels\/zpzde-stuttgart-marriott-hotel-sindelfingen\/overview\/?scid=f2ae0541-1279-4f24-b197-a979c79310b0\" target=\"_blank\"><img loading=\"lazy\" decoding=\"async\" width=\"828\" height=\"556\" src=\"https:\/\/www.issc-online.de\/wp-content\/uploads\/2023\/02\/Marriott_CMYK.jpg\" class=\"slider-703 slide-964\" alt=\"\" data-caption=\"\" data-thumb=\"\" title=\"Marriott_CMYK\" rel=\"\" srcset=\"https:\/\/www.issc-online.de\/wp-content\/uploads\/2023\/02\/Marriott_CMYK.jpg 828w, https:\/\/www.issc-online.de\/wp-content\/uploads\/2023\/02\/Marriott_CMYK-300x201.jpg 300w, https:\/\/www.issc-online.de\/wp-content\/uploads\/2023\/02\/Marriott_CMYK-768x516.jpg 768w\" sizes=\"auto, (max-width: 828px) 100vw, 828px\" \/><\/a><a href=\"https:\/\/www.krafft-druck.de\/\" target=\"_blank\"><img loading=\"lazy\" decoding=\"async\" width=\"965\" height=\"487\" src=\"https:\/\/www.issc-online.de\/wp-content\/uploads\/2023\/02\/KRAFFTDruck_neues-Logo.jpg\" class=\"slider-703 slide-1212\" alt=\"\" data-caption=\"\" data-thumb=\"\" title=\"KRAFFTDruck_neues Logo\" rel=\"\" srcset=\"https:\/\/www.issc-online.de\/wp-content\/uploads\/2023\/02\/KRAFFTDruck_neues-Logo.jpg 965w, https:\/\/www.issc-online.de\/wp-content\/uploads\/2023\/02\/KRAFFTDruck_neues-Logo-300x151.jpg 300w, https:\/\/www.issc-online.de\/wp-content\/uploads\/2023\/02\/KRAFFTDruck_neues-Logo-768x388.jpg 768w\" sizes=\"auto, (max-width: 965px) 100vw, 965px\" \/><\/a><img loading=\"lazy\" decoding=\"async\" width=\"1908\" height=\"812\" src=\"https:\/\/www.issc-online.de\/wp-content\/uploads\/2023\/02\/Metallbau-Dahler.jpg\" class=\"slider-703 slide-1308\" alt=\"\" data-caption=\"\" data-thumb=\"\" title=\"Metallbau Dahler\" rel=\"\" srcset=\"https:\/\/www.issc-online.de\/wp-content\/uploads\/2023\/02\/Metallbau-Dahler.jpg 1908w, https:\/\/www.issc-online.de\/wp-content\/uploads\/2023\/02\/Metallbau-Dahler-300x128.jpg 300w, https:\/\/www.issc-online.de\/wp-content\/uploads\/2023\/02\/Metallbau-Dahler-1024x436.jpg 1024w, https:\/\/www.issc-online.de\/wp-content\/uploads\/2023\/02\/Metallbau-Dahler-768x327.jpg 768w, https:\/\/www.issc-online.de\/wp-content\/uploads\/2023\/02\/Metallbau-Dahler-1536x654.jpg 1536w\" sizes=\"auto, (max-width: 1908px) 100vw, 1908px\" \/><\/div><\/div>\n        \n    <\/div>\n<\/div>\n<p>Wir bedanken uns herzlichst f\u00fcr die Unterst\u00fctzung und das Vertrauen unserer Partner der ISSC 2026! Ohne diesen Support w\u00e4ren die ISSC 2026 in diesem Umfang nicht f\u00fcr die Sportler:innen umsetzbar.<\/p>\n","protected":false},"excerpt":{"rendered":"<p>30. Auflage der International Sindelfingen Swimming Championships (ISSC) powered by 07. &#8211; 08. M\u00e4rz 2026 ISSC 2026 Hier geht&#8217;s zur Ausschreibung \/ DSV Meldedatei Hier finden Sie das Meldeergebnis und Protokoll der 30. ISSC 2026. Ihr ben\u00f6tigt eine \u00dcbernachtungsm\u00f6glichkeit im Rahmen der ISSC 2026? Meldet Euch bitte daf\u00fcr direkt beim [&hellip;]<\/p>\n","protected":false},"author":2,"featured_media":0,"parent":0,"menu_order":0,"comment_status":"closed","ping_status":"closed","template":"","meta":{"footnotes":""},"class_list":["post-32","page","type-page","status-publish","hentry"],"translation":{"provider":"WPGlobus","version":"2.12.2","language":"de","enabled_languages":["de","en"],"languages":{"de":{"title":true,"content":true,"excerpt":false},"en":{"title":false,"content":false,"excerpt":false}}},"_links":{"self":[{"href":"https:\/\/www.issc-online.de\/index.php\/wp-json\/wp\/v2\/pages\/32","targetHints":{"allow":["GET"]}}],"collection":[{"href":"https:\/\/www.issc-online.de\/index.php\/wp-json\/wp\/v2\/pages"}],"about":[{"href":"https:\/\/www.issc-online.de\/index.php\/wp-json\/wp\/v2\/types\/page"}],"author":[{"embeddable":true,"href":"https:\/\/www.issc-online.de\/index.php\/wp-json\/wp\/v2\/users\/2"}],"replies":[{"embeddable":true,"href":"https:\/\/www.issc-online.de\/index.php\/wp-json\/wp\/v2\/comments?post=32"}],"version-history":[{"count":100,"href":"https:\/\/www.issc-online.de\/index.php\/wp-json\/wp\/v2\/pages\/32\/revisions"}],"predecessor-version":[{"id":972,"href":"https:\/\/www.issc-online.de\/index.php\/wp-json\/wp\/v2\/pages\/32\/revisions\/972"}],"wp:attachment":[{"href":"https:\/\/www.issc-online.de\/index.php\/wp-json\/wp\/v2\/media?parent=32"}],"curies":[{"name":"wp","href":"https:\/\/api.w.org\/{rel}","templated":true}]}}